{"id":1019,"date":"2019-03-12T15:00:19","date_gmt":"2019-03-12T15:00:19","guid":{"rendered":"https:\/\/munialtoselvaalegre.gob.pe\/mdasa\/?page_id=1019"},"modified":"2020-12-12T17:08:17","modified_gmt":"2020-12-12T17:08:17","slug":"seguridad-ciudadana","status":"publish","type":"page","link":"https:\/\/munialtoselvaalegre.gob.pe\/mdasa\/seguridad-ciudadana\/","title":{"rendered":"SEGURIDAD CIUDADANA"},"content":{"rendered":"\t\t<div data-elementor-type=\"wp-post\" data-elementor-id=\"1019\" class=\"elementor elementor-1019\" data-elementor-post-type=\"page\">\n\t\t\t\t\t\t<section class=\"has_eae_slider elementor-section elementor-top-section elementor-element elementor-element-e5c623c elementor-section-boxed elementor-section-height-default elementor-section-height-default\" data-eae-slider=\"54295\" data-id=\"e5c623c\" data-element_type=\"section\">\n\t\t\t\t\t\t<div class=\"elementor-container elementor-column-gap-default\">\n\t\t\t\t\t<div class=\"has_eae_slider elementor-column elementor-col-100 elementor-top-column elementor-element elementor-element-b8d7f2a\" data-eae-slider=\"84759\" data-id=\"b8d7f2a\" data-element_type=\"column\">\n\t\t\t<div class=\"elementor-widget-wrap elementor-element-populated\">\n\t\t\t\t\t\t<div class=\"elementor-element elementor-element-1f6f1f5 elementor-widget elementor-widget-eael-adv-tabs\" data-id=\"1f6f1f5\" data-element_type=\"widget\" data-widget_type=\"eael-adv-tabs.default\">\n\t\t\t\t<div class=\"elementor-widget-container\">\n\t\t\t\t\t        <div data-scroll-on-click=\"no\" data-scroll-speed=\"300\" id=\"eael-advance-tabs-1f6f1f5\" class=\"eael-advance-tabs eael-tabs-vertical eael-tab-auto-active \" data-tabid=\"1f6f1f5\">\n            <div class=\"eael-tabs-nav \">\n                <ul class=\"eael-tab-inline-icon\" role=\"tablist\">\n                                            <li id=\"seguridad-ciudadana\" class=\"inactive eael-tab-item-trigger eael-tab-nav-item\" aria-selected=\"true\" data-tab=\"1\" role=\"tab\" tabindex=\"0\" aria-controls=\"seguridad-ciudadana-tab\" aria-expanded=\"false\">\n                            \n                                                                <svg class=\"e-font-icon-svg e-fas-home\" viewBox=\"0 0 576 512\" xmlns=\"http:\/\/www.w3.org\/2000\/svg\"><path d=\"M280.37 148.26L96 300.11V464a16 16 0 0 0 16 16l112.06-.29a16 16 0 0 0 15.92-16V368a16 16 0 0 1 16-16h64a16 16 0 0 1 16 16v95.64a16 16 0 0 0 16 16.05L464 480a16 16 0 0 0 16-16V300L295.67 148.26a12.19 12.19 0 0 0-15.3 0zM571.6 251.47L488 182.56V44.05a12 12 0 0 0-12-12h-56a12 12 0 0 0-12 12v72.61L318.47 43a48 48 0 0 0-61 0L4.34 251.47a12 12 0 0 0-1.6 16.9l25.5 31A12 12 0 0 0 45.15 301l235.22-193.74a12.19 12.19 0 0 1 15.3 0L530.9 301a12 12 0 0 0 16.9-1.6l25.5-31a12 12 0 0 0-1.7-16.93z\"><\/path><\/svg>                                                            \n                                                            <span class=\"eael-tab-title title-after-icon\" >Seguridad Ciudadana<\/span>                            \n                                                    <\/li>\n                                            <li id=\"control-de-camaras\" class=\"inactive eael-tab-item-trigger eael-tab-nav-item\" aria-selected=\"false\" data-tab=\"2\" role=\"tab\" tabindex=\"-1\" aria-controls=\"control-de-camaras-tab\" aria-expanded=\"false\">\n                            \n                                                                <svg class=\"e-font-icon-svg e-fas-home\" viewBox=\"0 0 576 512\" xmlns=\"http:\/\/www.w3.org\/2000\/svg\"><path d=\"M280.37 148.26L96 300.11V464a16 16 0 0 0 16 16l112.06-.29a16 16 0 0 0 15.92-16V368a16 16 0 0 1 16-16h64a16 16 0 0 1 16 16v95.64a16 16 0 0 0 16 16.05L464 480a16 16 0 0 0 16-16V300L295.67 148.26a12.19 12.19 0 0 0-15.3 0zM571.6 251.47L488 182.56V44.05a12 12 0 0 0-12-12h-56a12 12 0 0 0-12 12v72.61L318.47 43a48 48 0 0 0-61 0L4.34 251.47a12 12 0 0 0-1.6 16.9l25.5 31A12 12 0 0 0 45.15 301l235.22-193.74a12.19 12.19 0 0 1 15.3 0L530.9 301a12 12 0 0 0 16.9-1.6l25.5-31a12 12 0 0 0-1.7-16.93z\"><\/path><\/svg>                                                            \n                                                            <span class=\"eael-tab-title title-after-icon\" >Control de Camaras<\/span>                            \n                                                    <\/li>\n                                            <li id=\"telefonos\" class=\"inactive eael-tab-item-trigger eael-tab-nav-item\" aria-selected=\"false\" data-tab=\"3\" role=\"tab\" tabindex=\"-1\" aria-controls=\"telefonos-tab\" aria-expanded=\"false\">\n                            \n                                                                <svg class=\"e-font-icon-svg e-fas-home\" viewBox=\"0 0 576 512\" xmlns=\"http:\/\/www.w3.org\/2000\/svg\"><path d=\"M280.37 148.26L96 300.11V464a16 16 0 0 0 16 16l112.06-.29a16 16 0 0 0 15.92-16V368a16 16 0 0 1 16-16h64a16 16 0 0 1 16 16v95.64a16 16 0 0 0 16 16.05L464 480a16 16 0 0 0 16-16V300L295.67 148.26a12.19 12.19 0 0 0-15.3 0zM571.6 251.47L488 182.56V44.05a12 12 0 0 0-12-12h-56a12 12 0 0 0-12 12v72.61L318.47 43a48 48 0 0 0-61 0L4.34 251.47a12 12 0 0 0-1.6 16.9l25.5 31A12 12 0 0 0 45.15 301l235.22-193.74a12.19 12.19 0 0 1 15.3 0L530.9 301a12 12 0 0 0 16.9-1.6l25.5-31a12 12 0 0 0-1.7-16.93z\"><\/path><\/svg>                                                            \n                                                            <span class=\"eael-tab-title title-after-icon\" >Telefonos<\/span>                            \n                                                    <\/li>\n                    \n                                  <\/ul>\n            <\/div>\n            \n            <div class=\"eael-tabs-content\">\n\t\t        \n                    <div id=\"seguridad-ciudadana-tab\" class=\"clearfix eael-tab-content-item inactive\" data-title-link=\"seguridad-ciudadana-tab\">\n\t\t\t\t        <style>.elementor-7312 .elementor-element.elementor-element-05aebcf > .elementor-widget-container{margin:-25px 0px 0px 0px;}.elementor-7312 .elementor-element.elementor-element-79278e9{margin-top:-25px;margin-bottom:0px;}@media(min-width:768px){.elementor-7312 .elementor-element.elementor-element-f5a7d22{width:65%;}.elementor-7312 .elementor-element.elementor-element-dc74416{width:35%;}}<\/style>\t\t<div data-elementor-type=\"page\" data-elementor-id=\"7312\" class=\"elementor elementor-7312\" data-elementor-post-type=\"elementor_library\">\n\t\t\t\t\t\t<section class=\"has_eae_slider elementor-section elementor-top-section elementor-element elementor-element-a6869e8 elementor-section-boxed elementor-section-height-default elementor-section-height-default\" data-eae-slider=\"83579\" data-id=\"a6869e8\" data-element_type=\"section\">\n\t\t\t\t\t\t<div class=\"elementor-container elementor-column-gap-default\">\n\t\t\t\t\t<div class=\"has_eae_slider elementor-column elementor-col-100 elementor-top-column elementor-element elementor-element-bbf6bf2\" data-eae-slider=\"20295\" data-id=\"bbf6bf2\" data-element_type=\"column\">\n\t\t\t<div class=\"elementor-widget-wrap elementor-element-populated\">\n\t\t\t\t\t\t<div class=\"elementor-element elementor-element-05aebcf elementor-widget elementor-widget-text-editor\" data-id=\"05aebcf\" data-element_type=\"widget\" data-widget_type=\"text-editor.default\">\n\t\t\t\t<div class=\"elementor-widget-container\">\n\t\t\t\t\t\t\t\t\t\n<p><strong>SUB GERENCIA DE SEGURIDAD CIUDADANA<\/strong><\/p>\n<p>La Sub Gerencia de Seguridad Ciudadana es un \u00f3rgano de l\u00ednea, encargado de coordinar, y en su caso colaborar con los \u00f3rganos p\u00fablicos competentes en la protecci\u00f3n de personas y\/o bienes, as\u00ed como en el mantenimiento de la tranquilidad y el orden ciudadano.\u00a0 Cuenta con un Edificio Moderno con una Central Integrado de Monitoreo (CIM). Cuenta con 45 T\u00e9cnicos de Seguridad Ciudadana los que est\u00e1n divididos en dos turnos:<\/p>\n<div>D\u00eda de 07:00 a 19:00 horas<\/div>\n<div>Tarde de 19:00 a 07:00 horas<\/div>\n<p>Tambi\u00e9n cuenta con un equipo de radio de comunicaci\u00f3n \u201cHandy\u201d, con Tecnolog\u00eda Tetra alineadas a la PNP y (06) Camionetas Modernas 4*2 Hilux. Todo ello para el servicio de patrullaje las 24 horas del d\u00eda en el Distrito de Alto Selva Alegre.<\/p>\t\t\t\t\t\t\t\t<\/div>\n\t\t\t\t<\/div>\n\t\t\t\t\t<\/div>\n\t\t<\/div>\n\t\t\t\t\t<\/div>\n\t\t<\/section>\n\t\t\t\t<section class=\"has_eae_slider elementor-section elementor-top-section elementor-element elementor-element-79278e9 elementor-section-boxed elementor-section-height-default elementor-section-height-default\" data-eae-slider=\"28180\" data-id=\"79278e9\" data-element_type=\"section\">\n\t\t\t\t\t\t<div class=\"elementor-container elementor-column-gap-default\">\n\t\t\t\t\t<div class=\"has_eae_slider elementor-column elementor-col-50 elementor-top-column elementor-element elementor-element-f5a7d22\" data-eae-slider=\"40128\" data-id=\"f5a7d22\" data-element_type=\"column\">\n\t\t\t<div class=\"elementor-widget-wrap elementor-element-populated\">\n\t\t\t\t\t\t<div class=\"elementor-element elementor-element-6249202 elementor-widget elementor-widget-text-editor\" data-id=\"6249202\" data-element_type=\"widget\" data-widget_type=\"text-editor.default\">\n\t\t\t\t<div class=\"elementor-widget-container\">\n\t\t\t\t\t\t\t\t\t<p><strong>SEGURIDAD CIUDADANA <\/strong><\/p>\n<p>Sede Principal: Intersecci\u00f3n de la Av. Obrera con Av. los Andes S\/N \u2013 Segundo Piso<\/p>\n<ul>\n<li>Telefono: 054-266655<\/li>\n<li>Celular: 959551515<\/li>\n<li>Whatsapp: 974213981<\/li>\n<\/ul>\t\t\t\t\t\t\t\t<\/div>\n\t\t\t\t<\/div>\n\t\t\t\t\t<\/div>\n\t\t<\/div>\n\t\t\t\t<div class=\"has_eae_slider elementor-column elementor-col-50 elementor-top-column elementor-element elementor-element-dc74416\" data-eae-slider=\"44970\" data-id=\"dc74416\" data-element_type=\"column\">\n\t\t\t<div class=\"elementor-widget-wrap elementor-element-populated\">\n\t\t\t\t\t\t<div class=\"elementor-element elementor-element-cd7a7ff elementor-widget elementor-widget-image\" data-id=\"cd7a7ff\" data-element_type=\"widget\" data-widget_type=\"image.default\">\n\t\t\t\t<div class=\"elementor-widget-container\">\n\t\t\t\t\t\t\t\t\t\t\t\t\t\t\t<img fetchpriority=\"high\" decoding=\"async\" width=\"820\" height=\"857\" src=\"https:\/\/munialtoselvaalegre.gob.pe\/mdasa\/wp-content\/uploads\/2020\/02\/logo_sg.png\" class=\"attachment-large size-large wp-image-5265\" alt=\"\" srcset=\"https:\/\/munialtoselvaalegre.gob.pe\/mdasa\/wp-content\/uploads\/2020\/02\/logo_sg.png 820w, https:\/\/munialtoselvaalegre.gob.pe\/mdasa\/wp-content\/uploads\/2020\/02\/logo_sg-768x803.png 768w\" sizes=\"(max-width: 820px) 100vw, 820px\" \/>\t\t\t\t\t\t\t\t\t\t\t\t\t\t\t<\/div>\n\t\t\t\t<\/div>\n\t\t\t\t\t<\/div>\n\t\t<\/div>\n\t\t\t\t\t<\/div>\n\t\t<\/section>\n\t\t\t\t<\/div>\n\t\t                    <\/div>\n\t\t        \n                    <div id=\"control-de-camaras-tab\" class=\"clearfix eael-tab-content-item inactive\" data-title-link=\"control-de-camaras-tab\">\n\t\t\t\t        <style>.elementor-7344 .elementor-element.elementor-element-97c2d9b > .elementor-widget-container{margin:-25px 0px 0px 0px;}@media(min-width:768px){.elementor-7344 .elementor-element.elementor-element-f2e25c3{width:55%;}.elementor-7344 .elementor-element.elementor-element-a1cfbba{width:45%;}}<\/style>\t\t<div data-elementor-type=\"page\" data-elementor-id=\"7344\" class=\"elementor elementor-7344\" data-elementor-post-type=\"elementor_library\">\n\t\t\t\t\t\t<section class=\"has_eae_slider elementor-section elementor-top-section elementor-element elementor-element-910d244 elementor-section-boxed elementor-section-height-default elementor-section-height-default\" data-eae-slider=\"18161\" data-id=\"910d244\" data-element_type=\"section\">\n\t\t\t\t\t\t<div class=\"elementor-container elementor-column-gap-default\">\n\t\t\t\t\t<div class=\"has_eae_slider elementor-column elementor-col-100 elementor-top-column elementor-element elementor-element-7e16567\" data-eae-slider=\"42181\" data-id=\"7e16567\" data-element_type=\"column\">\n\t\t\t<div class=\"elementor-widget-wrap elementor-element-populated\">\n\t\t\t\t\t\t<div class=\"elementor-element elementor-element-97c2d9b elementor-widget elementor-widget-text-editor\" data-id=\"97c2d9b\" data-element_type=\"widget\" data-widget_type=\"text-editor.default\">\n\t\t\t\t<div class=\"elementor-widget-container\">\n\t\t\t\t\t\t\t\t\t<p>La Central Cuenta con (77) C\u00e1maras de Video\u2013Vigilancia instaladas en los (05) Sectores Estrat\u00e9gicas del Distrito:<\/p>\n<ul>\n<li>ASA Baja<\/li>\n<li>ASA Alta<\/li>\n<li>Pampas de Polanco\u00a0\u00a0<\/li>\n<li>Independencia<\/li>\n<li>Villa Ecol\u00f3gica<\/li>\n<\/ul>\n<p>Tambi\u00e9n cuenta con Personal altamente capacitado, para el servicio de Recepci\u00f3n de llamadas las 24 Horas del D\u00eda, las mismas que quedan grabadas y almacenadas en nuestro sistema, lo que nos permite acudir a una emergencia en cualquier lugar del Distrito de Alto Selva Alegre, que tarde entre 3 y 5 minutos despu\u00e9s de recibida la llamada.<\/p>\n<p>Otra herramienta es\u00a0el servicio de\u00a0<em><strong>WhatsApp\u00a0<\/strong><\/em><strong>974213981<\/strong>\u00a0para reportar directamente a Seguridad Ciudadana sobre las incidencias que pudieran ocurrir en centros comerciales del distrito, v\u00eda p\u00fablica, etc. Una vez enviado el reporte, que puede ir acompa\u00f1ado de fotos, videos y audios, la\u00a0<strong>Central Integrada de Monitoreo \u00a0<\/strong>dispone la intervenci\u00f3n inmediata y, en algunos casos, con apoyo de efectivos de la Polic\u00eda Nacional del Per\u00fa (PNP), de las Comisar\u00edas de Alto Selva Alegre e Independencia Respectivamente.<\/p>\t\t\t\t\t\t\t\t<\/div>\n\t\t\t\t<\/div>\n\t\t\t\t\t<\/div>\n\t\t<\/div>\n\t\t\t\t\t<\/div>\n\t\t<\/section>\n\t\t\t\t<section class=\"has_eae_slider elementor-section elementor-top-section elementor-element elementor-element-9b438dc elementor-section-boxed elementor-section-height-default elementor-section-height-default\" data-eae-slider=\"37177\" data-id=\"9b438dc\" data-element_type=\"section\">\n\t\t\t\t\t\t<div class=\"elementor-container elementor-column-gap-default\">\n\t\t\t\t\t<div class=\"has_eae_slider elementor-column elementor-col-50 elementor-top-column elementor-element elementor-element-f2e25c3\" data-eae-slider=\"32973\" data-id=\"f2e25c3\" data-element_type=\"column\">\n\t\t\t<div class=\"elementor-widget-wrap elementor-element-populated\">\n\t\t\t\t\t\t<div class=\"elementor-element elementor-element-e94559a elementor-widget elementor-widget-text-editor\" data-id=\"e94559a\" data-element_type=\"widget\" data-widget_type=\"text-editor.default\">\n\t\t\t\t<div class=\"elementor-widget-container\">\n\t\t\t\t\t\t\t\t\t<div style=\"text-align: center;\"><span style=\"font-family: 'andale mono', monospace;\"><strong>PARA COMUNICARSE A LOS SIGUIENTES N\u00daMEROS TELEF\u00d3NICOS:<\/strong><\/span><\/div>\n<div><strong>Tel\u00e9fonos Fijos<\/strong><\/div>\n<ul>\n<li>054 266655<\/li>\n<li>054 266428<\/li>\n<\/ul>\n<div><strong>Celulares<\/strong><\/div>\n<ul>\n<li>974213981 WhatsApp<\/li>\n<li>959551515<\/li>\n<\/ul>\t\t\t\t\t\t\t\t<\/div>\n\t\t\t\t<\/div>\n\t\t\t\t\t<\/div>\n\t\t<\/div>\n\t\t\t\t<div class=\"has_eae_slider elementor-column elementor-col-50 elementor-top-column elementor-element elementor-element-a1cfbba\" data-eae-slider=\"52696\" data-id=\"a1cfbba\" data-element_type=\"column\">\n\t\t\t<div class=\"elementor-widget-wrap elementor-element-populated\">\n\t\t\t\t\t\t<div class=\"elementor-element elementor-element-0ae1150 elementor-widget elementor-widget-image\" data-id=\"0ae1150\" data-element_type=\"widget\" data-widget_type=\"image.default\">\n\t\t\t\t<div class=\"elementor-widget-container\">\n\t\t\t\t\t\t\t\t\t\t\t\t\t\t\t<img decoding=\"async\" width=\"720\" height=\"480\" src=\"https:\/\/munialtoselvaalegre.gob.pe\/mdasa\/wp-content\/uploads\/2020\/02\/monitoreo.jpeg\" class=\"attachment-large size-large wp-image-5276\" alt=\"\" \/>\t\t\t\t\t\t\t\t\t\t\t\t\t\t\t<\/div>\n\t\t\t\t<\/div>\n\t\t\t\t\t<\/div>\n\t\t<\/div>\n\t\t\t\t\t<\/div>\n\t\t<\/section>\n\t\t\t\t<\/div>\n\t\t                    <\/div>\n\t\t        \n                    <div id=\"telefonos-tab\" class=\"clearfix eael-tab-content-item inactive\" data-title-link=\"telefonos-tab\">\n\t\t\t\t        <style>.elementor-7351 .elementor-element.elementor-element-62eb9bd{margin-top:-25px;margin-bottom:0px;padding:0px 0px 0px 0px;}<\/style>\t\t<div data-elementor-type=\"page\" data-elementor-id=\"7351\" class=\"elementor elementor-7351\" data-elementor-post-type=\"elementor_library\">\n\t\t\t\t\t\t<section class=\"has_eae_slider elementor-section elementor-top-section elementor-element elementor-element-62eb9bd elementor-section-boxed elementor-section-height-default elementor-section-height-default\" data-eae-slider=\"36601\" data-id=\"62eb9bd\" data-element_type=\"section\">\n\t\t\t\t\t\t<div class=\"elementor-container elementor-column-gap-default\">\n\t\t\t\t\t<div class=\"has_eae_slider elementor-column elementor-col-100 elementor-top-column elementor-element elementor-element-9e2a168\" data-eae-slider=\"7498\" data-id=\"9e2a168\" data-element_type=\"column\">\n\t\t\t<div class=\"elementor-widget-wrap elementor-element-populated\">\n\t\t\t\t\t\t<div class=\"elementor-element elementor-element-d0738ed elementor-widget elementor-widget-image\" data-id=\"d0738ed\" data-element_type=\"widget\" data-widget_type=\"image.default\">\n\t\t\t\t<div class=\"elementor-widget-container\">\n\t\t\t\t\t\t\t\t\t\t\t\t\t\t\t<img decoding=\"async\" width=\"1979\" height=\"1983\" src=\"https:\/\/munialtoselvaalegre.gob.pe\/mdasa\/wp-content\/uploads\/2020\/12\/telefonos_sc.jpg\" class=\"attachment-large size-large wp-image-7354\" alt=\"\" srcset=\"https:\/\/munialtoselvaalegre.gob.pe\/mdasa\/wp-content\/uploads\/2020\/12\/telefonos_sc.jpg 1979w, https:\/\/munialtoselvaalegre.gob.pe\/mdasa\/wp-content\/uploads\/2020\/12\/telefonos_sc-768x770.jpg 768w, https:\/\/munialtoselvaalegre.gob.pe\/mdasa\/wp-content\/uploads\/2020\/12\/telefonos_sc-510x510.jpg 510w\" sizes=\"(max-width: 1979px) 100vw, 1979px\" \/>\t\t\t\t\t\t\t\t\t\t\t\t\t\t\t<\/div>\n\t\t\t\t<\/div>\n\t\t\t\t\t<\/div>\n\t\t<\/div>\n\t\t\t\t\t<\/div>\n\t\t<\/section>\n\t\t\t\t<\/div>\n\t\t                    <\/div>\n\t\t                    <\/div>\n        <\/div>\n\t\t\t\t<\/div>\n\t\t\t\t<\/div>\n\t\t\t\t\t<\/div>\n\t\t<\/div>\n\t\t\t\t\t<\/div>\n\t\t<\/section>\n\t\t\t\t<section class=\"has_eae_slider elementor-section elementor-top-section elementor-element elementor-element-76e4bbb elementor-section-boxed elementor-section-height-default elementor-section-height-default\" data-eae-slider=\"64622\" data-id=\"76e4bbb\" data-element_type=\"section\">\n\t\t\t\t\t\t<div class=\"elementor-container elementor-column-gap-default\">\n\t\t\t\t\t<div class=\"has_eae_slider elementor-column elementor-col-33 elementor-top-column elementor-element elementor-element-a6aca2f\" data-eae-slider=\"81525\" data-id=\"a6aca2f\" data-element_type=\"column\">\n\t\t\t<div class=\"elementor-widget-wrap elementor-element-populated\">\n\t\t\t\t\t\t<div class=\"elementor-element elementor-element-1451dd4 elementor-widget elementor-widget-image\" data-id=\"1451dd4\" data-element_type=\"widget\" data-widget_type=\"image.default\">\n\t\t\t\t<div class=\"elementor-widget-container\">\n\t\t\t\t\t\t\t\t\t\t\t\t\t\t\t<img loading=\"lazy\" decoding=\"async\" width=\"250\" height=\"350\" src=\"https:\/\/munialtoselvaalegre.gob.pe\/mdasa\/wp-content\/uploads\/2020\/12\/sereno.png\" class=\"attachment-large size-large wp-image-7341\" alt=\"\" \/>\t\t\t\t\t\t\t\t\t\t\t\t\t\t\t<\/div>\n\t\t\t\t<\/div>\n\t\t\t\t\t<\/div>\n\t\t<\/div>\n\t\t\t\t<div class=\"has_eae_slider elementor-column elementor-col-33 elementor-top-column elementor-element elementor-element-f5f3f34\" data-eae-slider=\"61063\" data-id=\"f5f3f34\" data-element_type=\"column\">\n\t\t\t<div class=\"elementor-widget-wrap\">\n\t\t\t\t\t\t\t<\/div>\n\t\t<\/div>\n\t\t\t\t<div class=\"has_eae_slider elementor-column elementor-col-33 elementor-top-column elementor-element elementor-element-61d940c\" data-eae-slider=\"56618\" data-id=\"61d940c\" data-element_type=\"column\">\n\t\t\t<div class=\"elementor-widget-wrap\">\n\t\t\t\t\t\t\t<\/div>\n\t\t<\/div>\n\t\t\t\t\t<\/div>\n\t\t<\/section>\n\t\t\t\t<section class=\"has_eae_slider elementor-section elementor-top-section elementor-element elementor-element-bf9f396 elementor-section-boxed elementor-section-height-default elementor-section-height-default\" data-eae-slider=\"18319\" data-id=\"bf9f396\" data-element_type=\"section\">\n\t\t\t\t\t\t<div class=\"elementor-container elementor-column-gap-default\">\n\t\t\t\t\t<div class=\"has_eae_slider elementor-column elementor-col-100 elementor-top-column elementor-element elementor-element-5b0d3bd\" data-eae-slider=\"83041\" data-id=\"5b0d3bd\" data-element_type=\"column\">\n\t\t\t<div class=\"elementor-widget-wrap elementor-element-populated\">\n\t\t\t\t\t\t<div class=\"elementor-element elementor-element-7347b4f elementor-widget-divider--view-line elementor-widget elementor-widget-divider\" data-id=\"7347b4f\" data-element_type=\"widget\" data-widget_type=\"divider.default\">\n\t\t\t\t<div class=\"elementor-widget-container\">\n\t\t\t\t\t\t\t<div class=\"elementor-divider\">\n\t\t\t<span class=\"elementor-divider-separator\">\n\t\t\t\t\t\t<\/span>\n\t\t<\/div>\n\t\t\t\t\t\t<\/div>\n\t\t\t\t<\/div>\n\t\t\t\t\t<\/div>\n\t\t<\/div>\n\t\t\t\t\t<\/div>\n\t\t<\/section>\n\t\t\t\t<\/div>\n\t\t","protected":false},"excerpt":{"rendered":"<p>Seguridad Ciudadana Control de Camaras Telefonos SUB GERENCIA DE SEGURIDAD CIUDADANA La Sub Gerencia de Seguridad Ciudadana es un \u00f3rgano de l\u00ednea, encargado de coordinar, y en su caso colaborar con los \u00f3rganos p\u00fablicos competentes en la protecci\u00f3n de personas y\/o bienes, as\u00ed como en el mantenimiento de la tranquilidad y el orden ciudadano.\u00a0 Cuenta [&hellip;]<\/p>\n","protected":false},"author":1,"featured_media":0,"parent":0,"menu_order":0,"comment_status":"closed","ping_status":"closed","template":"","meta":{"footnotes":""},"class_list":["post-1019","page","type-page","status-publish","czr-hentry"],"_links":{"self":[{"href":"https:\/\/munialtoselvaalegre.gob.pe\/mdasa\/wp-json\/wp\/v2\/pages\/1019"}],"collection":[{"href":"https:\/\/munialtoselvaalegre.gob.pe\/mdasa\/wp-json\/wp\/v2\/pages"}],"about":[{"href":"https:\/\/munialtoselvaalegre.gob.pe\/mdasa\/wp-json\/wp\/v2\/types\/page"}],"author":[{"embeddable":true,"href":"https:\/\/munialtoselvaalegre.gob.pe\/mdasa\/wp-json\/wp\/v2\/users\/1"}],"replies":[{"embeddable":true,"href":"https:\/\/munialtoselvaalegre.gob.pe\/mdasa\/wp-json\/wp\/v2\/comments?post=1019"}],"version-history":[{"count":35,"href":"https:\/\/munialtoselvaalegre.gob.pe\/mdasa\/wp-json\/wp\/v2\/pages\/1019\/revisions"}],"predecessor-version":[{"id":7358,"href":"https:\/\/munialtoselvaalegre.gob.pe\/mdasa\/wp-json\/wp\/v2\/pages\/1019\/revisions\/7358"}],"wp:attachment":[{"href":"https:\/\/munialtoselvaalegre.gob.pe\/mdasa\/wp-json\/wp\/v2\/media?parent=1019"}],"curies":[{"name":"wp","href":"https:\/\/api.w.org\/{rel}","templated":true}]}}