{"id":2497,"date":"2019-06-14T13:16:19","date_gmt":"2019-06-14T13:16:19","guid":{"rendered":"https:\/\/munialtoselvaalegre.gob.pe\/mdasa\/?page_id=2497"},"modified":"2023-03-21T16:53:45","modified_gmt":"2023-03-21T16:53:45","slug":"mision-y-vision","status":"publish","type":"page","link":"https:\/\/munialtoselvaalegre.gob.pe\/mdasa\/mision-y-vision\/","title":{"rendered":"Misi\u00f3n y Visi\u00f3n"},"content":{"rendered":"<p><strong>MISI\u00d3N<\/strong><\/p>\n<p>La Municipalidad de Alto Selva Alegre es el \u00f3rgano de gobierno local, sus acciones se guian por el Plan Estrat\u00e9gico de Desarrollo Concertado.<\/p>\n<p>Sus roles principales son:<\/p>\n<ul>\n<li type=\"circle\">Representar al vecindario consolidando la participaci\u00f3n democratica.<\/li>\n<li type=\"circle\">Prestar servicios de \u00f3ptima calidad.<\/li>\n<li type=\"circle\">Promover la igualdad de oportunidades.<\/li>\n<li type=\"circle\">Promover el desarrollo econ\u00f3mico, social y ambiental mediante un manejo responsable y transparente de los recursos p\u00fablicos.<\/li>\n<\/ul>\n<p><strong>VISI\u00d3N<\/strong><\/p>\n<p>Distrito progresista, integrado y articulado con Arequipa, que gestiona y desarrolla su territorio y medio ambiente sosteniblemente, logrando mayor din\u00e1mica econ\u00f3mica con recursos humanos calificados, y brindando productos y servicios competitivos a la metr\u00f3poli y a la Macro Regi\u00f3n Sur.<\/p>\n<p>Sus instituciones, organizaciones y l\u00edderes cuentan con capacidad para la gesti\u00f3n estrat\u00e9gica del desarrollo, generando mecanismos permanentes de financiamiento local y una ciudadan\u00eda comprometida con su distrito y organizada para garantizar mayor seguridad y modernidad urbana.<br \/>\nAlto Selva Alegre se ha posicionado como el centro del desarrollo del sector este de la ciudad de Arequipa.<\/p>\n","protected":false},"excerpt":{"rendered":"<p>MISI\u00d3N La Municipalidad de Alto Selva Alegre es el \u00f3rgano de gobierno local, sus acciones se guian por el Plan Estrat\u00e9gico de Desarrollo Concertado. Sus roles principales son: Representar al vecindario consolidando la participaci\u00f3n democratica. Prestar servicios de \u00f3ptima calidad. Promover la igualdad de oportunidades. Promover el desarrollo econ\u00f3mico, social y ambiental mediante un manejo [&hellip;]<\/p>\n","protected":false},"author":1,"featured_media":0,"parent":0,"menu_order":0,"comment_status":"closed","ping_status":"closed","template":"","meta":{"footnotes":""},"class_list":["post-2497","page","type-page","status-publish","czr-hentry"],"_links":{"self":[{"href":"https:\/\/munialtoselvaalegre.gob.pe\/mdasa\/wp-json\/wp\/v2\/pages\/2497"}],"collection":[{"href":"https:\/\/munialtoselvaalegre.gob.pe\/mdasa\/wp-json\/wp\/v2\/pages"}],"about":[{"href":"https:\/\/munialtoselvaalegre.gob.pe\/mdasa\/wp-json\/wp\/v2\/types\/page"}],"author":[{"embeddable":true,"href":"https:\/\/munialtoselvaalegre.gob.pe\/mdasa\/wp-json\/wp\/v2\/users\/1"}],"replies":[{"embeddable":true,"href":"https:\/\/munialtoselvaalegre.gob.pe\/mdasa\/wp-json\/wp\/v2\/comments?post=2497"}],"version-history":[{"count":8,"href":"https:\/\/munialtoselvaalegre.gob.pe\/mdasa\/wp-json\/wp\/v2\/pages\/2497\/revisions"}],"predecessor-version":[{"id":10640,"href":"https:\/\/munialtoselvaalegre.gob.pe\/mdasa\/wp-json\/wp\/v2\/pages\/2497\/revisions\/10640"}],"wp:attachment":[{"href":"https:\/\/munialtoselvaalegre.gob.pe\/mdasa\/wp-json\/wp\/v2\/media?parent=2497"}],"curies":[{"name":"wp","href":"https:\/\/api.w.org\/{rel}","templated":true}]}}