{"id":2568,"date":"2019-06-14T17:29:48","date_gmt":"2019-06-14T17:29:48","guid":{"rendered":"https:\/\/munialtoselvaalegre.gob.pe\/mdasa\/?page_id=2568"},"modified":"2020-12-10T14:18:00","modified_gmt":"2020-12-10T14:18:00","slug":"limpieza-publica","status":"publish","type":"page","link":"https:\/\/munialtoselvaalegre.gob.pe\/mdasa\/limpieza-publica\/","title":{"rendered":"LIMPIEZA PUBLICA"},"content":{"rendered":"\t\t<div data-elementor-type=\"wp-post\" data-elementor-id=\"2568\" class=\"elementor elementor-2568\" data-elementor-post-type=\"page\">\n\t\t\t\t\t\t<section class=\"has_eae_slider elementor-section elementor-top-section elementor-element elementor-element-8f1f104 elementor-section-boxed elementor-section-height-default elementor-section-height-default\" data-eae-slider=\"27275\" data-id=\"8f1f104\" data-element_type=\"section\">\n\t\t\t\t\t\t<div class=\"elementor-container elementor-column-gap-default\">\n\t\t\t\t\t<div class=\"has_eae_slider elementor-column elementor-col-33 elementor-top-column elementor-element elementor-element-10e8d71\" data-eae-slider=\"36143\" data-id=\"10e8d71\" data-element_type=\"column\">\n\t\t\t<div class=\"elementor-widget-wrap elementor-element-populated\">\n\t\t\t\t\t\t<div class=\"elementor-element elementor-element-fc6f46c elementor-button-info elementor-align-center elementor-widget elementor-widget-button\" data-id=\"fc6f46c\" data-element_type=\"widget\" data-widget_type=\"button.default\">\n\t\t\t\t<div class=\"elementor-widget-container\">\n\t\t\t\t\t\t\t\t\t<div class=\"elementor-button-wrapper\">\n\t\t\t\t\t<a class=\"elementor-button elementor-button-link elementor-size-md elementor-animation-shrink\" href=\"https:\/\/munialtoselvaalegre.gob.pe\/mdasa\/Documentos_PDF\/Limpieza_publica\/Rutas_de_recoleccion.pdf\" target=\"_blank\">\n\t\t\t\t\t\t<span class=\"elementor-button-content-wrapper\">\n\t\t\t\t\t\t<span class=\"elementor-button-icon\">\n\t\t\t\t\t\t\t<\/span>\n\t\t\t\t\t\t\t\t\t<span class=\"elementor-button-text\">Descargue aqu\u00ed las rutas de Recojo Solido<\/span>\n\t\t\t\t\t<\/span>\n\t\t\t\t\t<\/a>\n\t\t\t\t<\/div>\n\t\t\t\t\t\t\t\t<\/div>\n\t\t\t\t<\/div>\n\t\t\t\t\t<\/div>\n\t\t<\/div>\n\t\t\t\t<div class=\"has_eae_slider elementor-column elementor-col-33 elementor-top-column elementor-element elementor-element-156e345\" data-eae-slider=\"66510\" data-id=\"156e345\" data-element_type=\"column\">\n\t\t\t<div class=\"elementor-widget-wrap elementor-element-populated\">\n\t\t\t\t\t\t<div class=\"elementor-element elementor-element-23b579f elementor-widget elementor-widget-spacer\" data-id=\"23b579f\" data-element_type=\"widget\" data-widget_type=\"spacer.default\">\n\t\t\t\t<div class=\"elementor-widget-container\">\n\t\t\t\t\t\t\t<div class=\"elementor-spacer\">\n\t\t\t<div class=\"elementor-spacer-inner\"><\/div>\n\t\t<\/div>\n\t\t\t\t\t\t<\/div>\n\t\t\t\t<\/div>\n\t\t\t\t\t<\/div>\n\t\t<\/div>\n\t\t\t\t<div class=\"has_eae_slider elementor-column elementor-col-33 elementor-top-column elementor-element elementor-element-2bbed6f\" data-eae-slider=\"57359\" data-id=\"2bbed6f\" data-element_type=\"column\">\n\t\t\t<div class=\"elementor-widget-wrap elementor-element-populated\">\n\t\t\t\t\t\t<div class=\"elementor-element elementor-element-35e726f elementor-button-info elementor-align-center elementor-widget elementor-widget-button\" data-id=\"35e726f\" data-element_type=\"widget\" data-widget_type=\"button.default\">\n\t\t\t\t<div class=\"elementor-widget-container\">\n\t\t\t\t\t\t\t\t\t<div class=\"elementor-button-wrapper\">\n\t\t\t\t\t<a class=\"elementor-button elementor-button-link elementor-size-md elementor-animation-shrink\" href=\"https:\/\/munialtoselvaalegre.gob.pe\/mdasa\/Documentos_PDF\/Limpieza_publica\/Rutas_de_barrido.pdf\" target=\"_blank\">\n\t\t\t\t\t\t<span class=\"elementor-button-content-wrapper\">\n\t\t\t\t\t\t<span class=\"elementor-button-icon\">\n\t\t\t\t\t\t\t<\/span>\n\t\t\t\t\t\t\t\t\t<span class=\"elementor-button-text\">Descargue aqu\u00ed las rutas de Barrido<\/span>\n\t\t\t\t\t<\/span>\n\t\t\t\t\t<\/a>\n\t\t\t\t<\/div>\n\t\t\t\t\t\t\t\t<\/div>\n\t\t\t\t<\/div>\n\t\t\t\t\t<\/div>\n\t\t<\/div>\n\t\t\t\t\t<\/div>\n\t\t<\/section>\n\t\t\t\t<section class=\"has_eae_slider elementor-section elementor-top-section elementor-element elementor-element-8104105 elementor-section-boxed elementor-section-height-default elementor-section-height-default\" data-eae-slider=\"89764\" data-id=\"8104105\" data-element_type=\"section\">\n\t\t\t\t\t\t<div class=\"elementor-container elementor-column-gap-default\">\n\t\t\t\t\t<div class=\"has_eae_slider elementor-column elementor-col-50 elementor-top-column elementor-element elementor-element-829c1d8\" data-eae-slider=\"23943\" data-id=\"829c1d8\" data-element_type=\"column\">\n\t\t\t<div class=\"elementor-widget-wrap elementor-element-populated\">\n\t\t\t\t\t\t<div class=\"elementor-element elementor-element-f10517c elementor-widget elementor-widget-text-editor\" data-id=\"f10517c\" data-element_type=\"widget\" data-widget_type=\"text-editor.default\">\n\t\t\t\t<div class=\"elementor-widget-container\">\n\t\t\t\t\t\t\t\t\t<div align=\"justify\">Es un \u00f3rgano de L\u00ednea de tercer Nivel Organizacional, encargado de programar, coordinar y ejecutar los servicios p\u00fablicos de recolecci\u00f3n de residuos s\u00f3lidos, barrido de calles y pistas del distrito, asegurando un \u00f3ptimo servicio de limpieza p\u00fablica que brinda a la comunidad; as\u00ed mismo velar el tratamiento adecuado de los residuos s\u00f3lidos para la\u00a0 conservaci\u00f3n del medio ambiente. Dentro de sus funciones son las siguientes:<\/div>\n<ul>\n<li type=\"square\">Planificar, organizar, dirigir y supervisar las actividades de supervisi\u00f3n de los servicios p\u00fablicos de recolecci\u00f3n de residuos s\u00f3lidos y barrido de calles y pistas, cautelando el cumplimiento de los reglamentos, disposiciones t\u00e9cnicas y legales relacionadas con la prestaci\u00f3n del servicio que se brinda a la comunidad.<\/li>\n<li type=\"square\">Proponer e implementar un sistema integral de recojo de residuos s\u00f3lidos estableciendo rutas, horarios, turnos y formas de participaci\u00f3n de la poblaci\u00f3n.\u00a0<\/li>\n<li type=\"square\">Programar, organizar, ejecutar y supervisar la limpieza permanente del distrito en sus etapas de recolecci\u00f3n, transporte y disposici\u00f3n fin.al de los residuos s\u00f3lidos.<\/li>\n<li type=\"square\">Implementar y dar mantenimiento a los dep\u00f3sitos, contenedores y almacenes que, de manera coordinada, se coloquen para el acopio de los residuos s\u00f3lidos que se genere en el distrito.<\/li>\n<li type=\"square\">Programar y monitorear los trabajos de limpieza de los locales municipales, as\u00ed como la administraci\u00f3n adecuada de materiales de limpieza.<\/li>\n<li type=\"square\">Planificar, organizar y ejecutar las actividades relacionadas con la limpieza y barrido de calles, avenidas, espacios p\u00fablicos y monumentos dentro de la jurisdicci\u00f3n.<\/li>\n<li type=\"square\">Promover la participaci\u00f3n ciudadana en acciones de control y fiscalizaci\u00f3n del servicio de limpieza p\u00fablica.<\/li>\n<li type=\"square\">Planificar, organizar y ejecutar el desarrollo e implementaci\u00f3n de planes de gesti\u00f3n y manejo de residuos s\u00f3lidos y de limpieza en general en relaci\u00f3n a la normativa vigente.<\/li>\n<li type=\"square\">Promover campa\u00f1as de limpieza de techos de los inmuebles en el distrito.<\/li>\n<li type=\"square\">Formular, evaluar y ejecutar pol\u00edticas y normas que permitan el desarrollo sostenible de las acciones orientados a la conservaci\u00f3n del medio ambiente y prevenir o contrarrestar la contaminaci\u00f3n ambiental a nivel local.<\/li>\n<li type=\"square\">Promover, difundir y apoyar programas de educaci\u00f3n ambiental.<\/li>\n<li type=\"square\">Atender las denuncias por contaminaci\u00f3n ambienta , realizadas por los pobladores del distrito. instituciones p\u00fablicas y\/o privadas, acorde a los par\u00e1metros que las normas ambientales exigen.<\/li>\n<li type=\"square\">Resolver las denuncias por contaminaci\u00f3n sonora, realizando su informe t\u00e9cnico, as\u00ed determinar el grado de contaminaci\u00f3n.<\/li>\n<\/ul>\t\t\t\t\t\t\t\t<\/div>\n\t\t\t\t<\/div>\n\t\t\t\t\t<\/div>\n\t\t<\/div>\n\t\t\t\t<div class=\"has_eae_slider elementor-column elementor-col-50 elementor-top-column elementor-element elementor-element-b0a98b9\" data-eae-slider=\"71170\" data-id=\"b0a98b9\" data-element_type=\"column\">\n\t\t\t<div class=\"elementor-widget-wrap elementor-element-populated\">\n\t\t\t\t\t\t<div class=\"elementor-element elementor-element-7cc9e30 elementor-widget elementor-widget-image\" data-id=\"7cc9e30\" data-element_type=\"widget\" data-widget_type=\"image.default\">\n\t\t\t\t<div class=\"elementor-widget-container\">\n\t\t\t\t\t\t\t\t\t\t\t\t\t\t\t<img decoding=\"async\" width=\"200\" height=\"196\" src=\"https:\/\/munialtoselvaalegre.gob.pe\/mdasa\/wp-content\/uploads\/2020\/12\/limpieza-publica.png\" class=\"attachment-large size-large wp-image-7307\" alt=\"\" \/>\t\t\t\t\t\t\t\t\t\t\t\t\t\t\t<\/div>\n\t\t\t\t<\/div>\n\t\t\t\t\t<\/div>\n\t\t<\/div>\n\t\t\t\t\t<\/div>\n\t\t<\/section>\n\t\t\t\t<section class=\"has_eae_slider elementor-section elementor-top-section elementor-element elementor-element-143e32a elementor-section-boxed elementor-section-height-default elementor-section-height-default\" data-eae-slider=\"25452\" data-id=\"143e32a\" data-element_type=\"section\">\n\t\t\t\t\t\t<div class=\"elementor-container elementor-column-gap-default\">\n\t\t\t\t\t<div class=\"has_eae_slider elementor-column elementor-col-100 elementor-top-column elementor-element elementor-element-2597b12\" data-eae-slider=\"10716\" data-id=\"2597b12\" data-element_type=\"column\">\n\t\t\t<div class=\"elementor-widget-wrap elementor-element-populated\">\n\t\t\t\t\t\t<div class=\"elementor-element elementor-element-5eca811 elementor-widget-divider--view-line elementor-widget elementor-widget-divider\" data-id=\"5eca811\" data-element_type=\"widget\" data-widget_type=\"divider.default\">\n\t\t\t\t<div class=\"elementor-widget-container\">\n\t\t\t\t\t\t\t<div class=\"elementor-divider\">\n\t\t\t<span class=\"elementor-divider-separator\">\n\t\t\t\t\t\t<\/span>\n\t\t<\/div>\n\t\t\t\t\t\t<\/div>\n\t\t\t\t<\/div>\n\t\t\t\t\t<\/div>\n\t\t<\/div>\n\t\t\t\t\t<\/div>\n\t\t<\/section>\n\t\t\t\t<\/div>\n\t\t","protected":false},"excerpt":{"rendered":"<p>Descargue aqu\u00ed las rutas de Recojo Solido Descargue aqu\u00ed las rutas de Barrido Es un \u00f3rgano de L\u00ednea de tercer Nivel Organizacional, encargado de programar, coordinar y ejecutar los servicios p\u00fablicos de recolecci\u00f3n de residuos s\u00f3lidos, barrido de calles y pistas del distrito, asegurando un \u00f3ptimo servicio de limpieza p\u00fablica que brinda a la comunidad; [&hellip;]<\/p>\n","protected":false},"author":1,"featured_media":0,"parent":0,"menu_order":0,"comment_status":"closed","ping_status":"closed","template":"","meta":{"footnotes":""},"class_list":["post-2568","page","type-page","status-publish","czr-hentry"],"_links":{"self":[{"href":"https:\/\/munialtoselvaalegre.gob.pe\/mdasa\/wp-json\/wp\/v2\/pages\/2568"}],"collection":[{"href":"https:\/\/munialtoselvaalegre.gob.pe\/mdasa\/wp-json\/wp\/v2\/pages"}],"about":[{"href":"https:\/\/munialtoselvaalegre.gob.pe\/mdasa\/wp-json\/wp\/v2\/types\/page"}],"author":[{"embeddable":true,"href":"https:\/\/munialtoselvaalegre.gob.pe\/mdasa\/wp-json\/wp\/v2\/users\/1"}],"replies":[{"embeddable":true,"href":"https:\/\/munialtoselvaalegre.gob.pe\/mdasa\/wp-json\/wp\/v2\/comments?post=2568"}],"version-history":[{"count":19,"href":"https:\/\/munialtoselvaalegre.gob.pe\/mdasa\/wp-json\/wp\/v2\/pages\/2568\/revisions"}],"predecessor-version":[{"id":7311,"href":"https:\/\/munialtoselvaalegre.gob.pe\/mdasa\/wp-json\/wp\/v2\/pages\/2568\/revisions\/7311"}],"wp:attachment":[{"href":"https:\/\/munialtoselvaalegre.gob.pe\/mdasa\/wp-json\/wp\/v2\/media?parent=2568"}],"curies":[{"name":"wp","href":"https:\/\/api.w.org\/{rel}","templated":true}]}}