{"id":2605,"date":"2019-06-14T18:18:50","date_gmt":"2019-06-14T18:18:50","guid":{"rendered":"https:\/\/munialtoselvaalegre.gob.pe\/mdasa\/?page_id=2605"},"modified":"2022-11-14T14:19:35","modified_gmt":"2022-11-14T14:19:35","slug":"sisfoh","status":"publish","type":"page","link":"https:\/\/munialtoselvaalegre.gob.pe\/mdasa\/sisfoh\/","title":{"rendered":"SISFOH"},"content":{"rendered":"\t\t<div data-elementor-type=\"wp-post\" data-elementor-id=\"2605\" class=\"elementor elementor-2605\" data-elementor-post-type=\"page\">\n\t\t\t\t\t\t<section class=\"has_eae_slider elementor-section elementor-top-section elementor-element elementor-element-b383f94 elementor-section-boxed elementor-section-height-default elementor-section-height-default\" data-eae-slider=\"27115\" data-id=\"b383f94\" data-element_type=\"section\">\n\t\t\t\t\t\t<div class=\"elementor-container elementor-column-gap-default\">\n\t\t\t\t\t<div class=\"has_eae_slider elementor-column elementor-col-100 elementor-top-column elementor-element elementor-element-f50dfbf\" data-eae-slider=\"20201\" data-id=\"f50dfbf\" data-element_type=\"column\">\n\t\t\t<div class=\"elementor-widget-wrap elementor-element-populated\">\n\t\t\t\t\t\t<div class=\"elementor-element elementor-element-5e33773 elementor-widget elementor-widget-text-editor\" data-id=\"5e33773\" data-element_type=\"widget\" data-widget_type=\"text-editor.default\">\n\t\t\t\t<div class=\"elementor-widget-container\">\n\t\t\t\t\t\t\t\t\t<div ><b>\u00bfQU\u00c9 ES EL SISFOH?<\/b><\/div>\n<p align=\"justify\">Es un sistema que administra una base de datos a trav\u00e9s del Padr\u00f3n General de Hogares que contiene la clasificaci\u00f3n socioecon\u00f3mica de cada hogar, esta clasificaci\u00f3n puede ser: pobre extremo, pobre o no pobre, dicha informaci\u00f3n socioecon\u00f3mica se pone a disposici\u00f3n de los programas sociales del estado, quienes identifican a sus potenciales usuarios para ser atendidos.<\/p>\n<p><b>PROCEDIMIENTO PARA OBTENER SU CLASIFICACION SOCIOECONOMICA<\/b><br \/>\nPara obtener esta clasificaci\u00f3n, se debe pasar por una evaluaci\u00f3n que tiene dos fases:<\/p>\n<ul class=\"djslider-in\">\n\t<li style=\"list-style-type: none;\">\n<ul class=\"djslider-in\">\n\t<li type=\"square\"><b>Primera Fase:<\/b>\u00a0En la Unidad Local de Empadronamiento que se encuentra ubicada en nuestra Municipalidad, donde se presenta la solicitud Formato S100 (a pedido de parte) de corresponder la focalizaci\u00f3n, un empadronador acudir\u00e1 a su hogar para completar el llenado de la Ficha Socioecon\u00f3mica \u00danica correspondiente. Los datos obtenidos se registran v\u00eda web para que la Direcci\u00f3n de Operaciones de Focalizaci\u00f3n DOF del Ministerio de Desarrollo e Inclusi\u00f3n Social-MIDIS verifique que la informaci\u00f3n no tenga errores, de ser as\u00ed, dar\u00e1 la conformidad. Cuando la Unidad Local de Empadronamiento recibe la conformidad tendr\u00e1 10 d\u00edas h\u00e1biles para enviar la declaraci\u00f3n jurada que confirme la veracidad de dicha informaci\u00f3n a Direcci\u00f3n de Operaciones de Focalizaci\u00f3n; con la recepci\u00f3n de la declaraci\u00f3n jurada se inicia se segunda fase.<\/li>\n\t<li type=\"square\"><b>Segunda Fase:<\/b>\u00a0En la Direcci\u00f3n de Operaciones de Focalizaci\u00f3n que depende del Ministerio de Desarrollo e Inclusi\u00f3n Social MIDIS, tiene 15 d\u00edas h\u00e1biles para determinar la clasificaci\u00f3n socioecon\u00f3mica y registrarla en el Padr\u00f3n General de Hogares.<\/li>\n<\/ul>\n<\/li>\n<\/ul>\n<div align=\"justify\">Si una persona considera que el resultado de la clasificaci\u00f3n socioecon\u00f3mica no corresponde con su realidad o su tipo de clasificaci\u00f3n fue modificada, puede solicitar una reevaluaci\u00f3n despu\u00e9s de 06 meses, tambi\u00e9n se puede solicitar la actualizaci\u00f3n de la clasificaci\u00f3n cuando una persona cambia de domicilio o var\u00eda el n\u00famero de integrantes del hogar u otro.<\/div>\n<\/br>\n<div align=\"justify\">En ambos casos, el pedido se realiza ante la Unidad Local de Empadronamiento de nuestra Municipalidad pero ser\u00e1 la Direcci\u00f3n de Operaciones de Focalizaci\u00f3n la que determine el resultado.<\/div>\n<div align=\"justify\">\u00a0<\/div>\n<div align=\"justify\"><b>PASOS PARA OBTENER MI CLASIFICACI\u00d3N SOCIOECON\u00d3MICA V\u00cdA WEB<\/b><\/div>\n<div align=\"justify\">Ingresando a la p\u00e1gina de MIDIS www.midis.gob.pe\/padron. Con el n\u00famero del DNI,en el cual deber\u00e1 responder 02 preguntas para confirmar su identificaci\u00f3n y consignar un correo electr\u00f3nico, donde se enviar\u00e1 la ficha socioecon\u00f3mica con el respectivo nivel de calificaci\u00f3n.<\/div>\n<div align=\"justify\">\u00a0<\/div>\n<div align=\"justify\"><b>REQUISITOS PARA SER FOCALIZADO<\/b><\/div>\n<ul>\n\t<li type=\"square\">Presentaci\u00f3n de DNI\u00b4S del grupo familiar.<\/li>\n\t<li type=\"square\">Recibo de servicios(agua y luz).<\/li>\n\t<li type=\"square\">Croquis simple del domicilio.<\/li>\n<\/ul>\n<div><center><b><i>Toda persona cuya calificaci\u00f3n se encuentre en los niveles de pobre y\/o pobre extremo, puede participar de los Programas Sociales que el Estado administra\u00bb con excepci\u00f3n del Programa Social Pensi\u00f3n 65, \u00fanicamente en nivel de Pobreza Extrema.<\/i><\/b><\/center><\/div>\n<p><b>PARA MAYOR INFORMACI\u00d3N DE LOS PROGRAMAS SOCIALES, PUEDES VISITAR LAS SIGUIENTES P\u00c1GINA<\/b><\/p>\t\t\t\t\t\t\t\t<\/div>\n\t\t\t\t<\/div>\n\t\t\t\t\t<\/div>\n\t\t<\/div>\n\t\t\t\t\t<\/div>\n\t\t<\/section>\n\t\t\t\t<section class=\"has_eae_slider elementor-section elementor-top-section elementor-element elementor-element-8802be0 elementor-section-boxed elementor-section-height-default elementor-section-height-default\" data-eae-slider=\"60220\" data-id=\"8802be0\" data-element_type=\"section\">\n\t\t\t\t\t\t<div class=\"elementor-container elementor-column-gap-default\">\n\t\t\t\t\t<div class=\"has_eae_slider elementor-column elementor-col-100 elementor-top-column elementor-element elementor-element-e3b6cb5\" data-eae-slider=\"54187\" data-id=\"e3b6cb5\" data-element_type=\"column\">\n\t\t\t<div class=\"elementor-widget-wrap elementor-element-populated\">\n\t\t\t\t\t\t<div class=\"elementor-element elementor-element-0fdf587 elementor-widget elementor-widget-text-editor\" data-id=\"0fdf587\" data-element_type=\"widget\" data-widget_type=\"text-editor.default\">\n\t\t\t\t<div class=\"elementor-widget-container\">\n\t\t\t\t\t\t\t\t\t<table style=\"width: 91.2756%;\" align=\"center\">\n<tbody>\n<tr>\n<td style=\"width: 48.4252%;\">Pensi\u00f3n 65\u00a0<br \/>PRONABEC<br \/>Fondo Mi Vivienda-Techo Propio\u00a0<br \/>Seguro Integral de Salud SIS\u00a0<br \/>Fondo de Inclusi\u00f3n Social Energ\u00e9tico FISE\u00a0<br \/>Trabaja Per\u00fa<br \/>MIMP Pensi\u00f3n por Discapacidad Severa<\/td>\n<td style=\"width: 45.2756%;\"><u><\/u><u><a href=\"http:\/\/munialtoselvaalegre.gob.pe\/muniasa\/www.pension65.gob.pe\"><span style=\"color: #0000ff;\">www.pension65.gob.pe\u00a0<\/span><\/a>\u00a0<\/u><br \/><span style=\"color: #0000ff;\"><a style=\"color: #0000ff;\" href=\"http:\/\/munialtoselvaalegre.gob.pe\/muniasa\/www.pronabec.gob.pe\"><u>www.pronabec.gob.pe\u00a0<\/u><\/a><\/span><br \/><span style=\"color: #0000ff;\"><a style=\"color: #0000ff;\" href=\"http:\/\/munialtoselvaalegre.gob.pe\/muniasa\/www.mivivienda.com.pe\"><u>www.mivivienda.com.pe\u00a0<\/u><\/a><\/span><br \/><span style=\"color: #0000ff;\"><a style=\"color: #0000ff;\" href=\"http:\/\/munialtoselvaalegre.gob.pe\/muniasa\/www.sis.gob.pe\"><u>www.sis.gob.pe\u00a0<\/u><\/a><\/span><br \/><span style=\"color: #0000ff;\"><a style=\"color: #0000ff;\" href=\"http:\/\/munialtoselvaalegre.gob.pe\/muniasa\/www.fise.gob.pe\"><u>www.fise.gob.pe\u00a0<\/u><\/a><\/span><br \/><span style=\"color: #0000ff;\"><a style=\"color: #0000ff;\" href=\"http:\/\/munialtoselvaalegre.gob.pe\/muniasa\/www.trabajaperu.gob.pe\"><u>www.trabajaperu.gob.pe\u00a0<\/u><\/a><\/span><br \/><span style=\"color: #0000ff;\"><a style=\"color: #0000ff;\" href=\"http:\/\/munialtoselvaalegre.gob.pe\/muniasa\/www.mimp.gob.pe\"><u>www.mimp.gob.pe<\/u><\/a><\/span><\/td>\n<\/tr>\n<\/tbody>\n<\/table>\t\t\t\t\t\t\t\t<\/div>\n\t\t\t\t<\/div>\n\t\t\t\t\t<\/div>\n\t\t<\/div>\n\t\t\t\t\t<\/div>\n\t\t<\/section>\n\t\t\t\t<\/div>\n\t\t","protected":false},"excerpt":{"rendered":"<p>\u00bfQU\u00c9 ES EL SISFOH? Es un sistema que administra una base de datos a trav\u00e9s del Padr\u00f3n General de Hogares que contiene la clasificaci\u00f3n socioecon\u00f3mica de cada hogar, esta clasificaci\u00f3n puede ser: pobre extremo, pobre o no pobre, dicha informaci\u00f3n socioecon\u00f3mica se pone a disposici\u00f3n de los programas sociales del estado, quienes identifican a sus [&hellip;]<\/p>\n","protected":false},"author":1,"featured_media":0,"parent":0,"menu_order":0,"comment_status":"closed","ping_status":"closed","template":"","meta":{"footnotes":""},"class_list":["post-2605","page","type-page","status-publish","czr-hentry"],"_links":{"self":[{"href":"https:\/\/munialtoselvaalegre.gob.pe\/mdasa\/wp-json\/wp\/v2\/pages\/2605"}],"collection":[{"href":"https:\/\/munialtoselvaalegre.gob.pe\/mdasa\/wp-json\/wp\/v2\/pages"}],"about":[{"href":"https:\/\/munialtoselvaalegre.gob.pe\/mdasa\/wp-json\/wp\/v2\/types\/page"}],"author":[{"embeddable":true,"href":"https:\/\/munialtoselvaalegre.gob.pe\/mdasa\/wp-json\/wp\/v2\/users\/1"}],"replies":[{"embeddable":true,"href":"https:\/\/munialtoselvaalegre.gob.pe\/mdasa\/wp-json\/wp\/v2\/comments?post=2605"}],"version-history":[{"count":35,"href":"https:\/\/munialtoselvaalegre.gob.pe\/mdasa\/wp-json\/wp\/v2\/pages\/2605\/revisions"}],"predecessor-version":[{"id":10476,"href":"https:\/\/munialtoselvaalegre.gob.pe\/mdasa\/wp-json\/wp\/v2\/pages\/2605\/revisions\/10476"}],"wp:attachment":[{"href":"https:\/\/munialtoselvaalegre.gob.pe\/mdasa\/wp-json\/wp\/v2\/media?parent=2605"}],"curies":[{"name":"wp","href":"https:\/\/api.w.org\/{rel}","templated":true}]}}