{"id":3496,"date":"2019-07-31T17:35:37","date_gmt":"2019-07-31T17:35:37","guid":{"rendered":"https:\/\/munialtoselvaalegre.gob.pe\/mdasa\/?page_id=3496"},"modified":"2023-03-21T16:59:11","modified_gmt":"2023-03-21T16:59:11","slug":"ciam","status":"publish","type":"page","link":"https:\/\/munialtoselvaalegre.gob.pe\/mdasa\/ciam\/","title":{"rendered":"Centro Integral del Adulto Mayor"},"content":{"rendered":"<p>El Centro Integral del Adulto Mayor, es un servicio gratuito que brinda la Municipalidad de Alto Selva Alegre, buscando la participaci\u00f3n e integraci\u00f3n social, econ\u00f3mica y cultural de la persona adulta mayor, a trav\u00e9s de la prestaci\u00f3n de servicios en coordinaci\u00f3n con instituciones p\u00fablicas o privadas; programas y proyectos que se brindan en su jurisdicci\u00f3n a favor de la promoci\u00f3n y protecci\u00f3n de sus derechos.<\/p>\n<p><strong>Tiene como objetivo \u201cMejorar el bienestar f\u00edsico, ps\u00edquico y social de las personas Adultas Mayores, a trav\u00e9s de actividades art\u00edsticas, culturales, recreativas y ocupaciones que promuevan una mayor participaci\u00f3n para su mejor\u00a0 desarrollo personal e integraci\u00f3n a la sociedad. Teniendo en cuenta sus condiciones espec\u00edficas de salud, g\u00e9nero y cultura, promoviendo una imagen\u00a0 positiva del envejecimiento en la sociedad, el reconocimiento hacia los valores y experiencia de la vida de los Adultos Mayores\u201d.<\/strong><\/p>\n<p>Se encarga tambi\u00e9n de:<\/p>\n<ul>\n<li>Tramitar el otorgamiento de Pensi\u00f3n 65<\/li>\n<li>Programar, dirigir, organizar y ejecutar programas de apoyo contra las violaciones de los derechos de las personas adultas mayores.<\/li>\n<li>Actividades como: Talleres de Taich\u00ed, talleres de danzas, talleres de salud f\u00edsica, talleres de manualidades, talleres de autoestima.<\/li>\n<li>Brindar orientaci\u00f3n legal y psicol\u00f3gica (individual y\/o grupal)<\/li>\n<li>Realizar campa\u00f1as de salud, charlas, paseos, etc.<\/li>\n<\/ul>\n<h4>Programa PENSION 65<\/h4>\n<p><strong>El Programa Nacional de Asistencia Solidaria<\/strong>,\u00a0Pensi\u00f3n 65, se creo el 19 de octubre del 2011 mediante Decreto Supremo N\u00b0 081-2011-PCM, con la finalidad de otorgar protecci\u00f3n a los adultos a partir de los\u00a0<strong>65 a\u00f1os de edad<\/strong>\u00a0que carezcan de las condiciones b\u00e1sicas para su subsistencia.<\/p>\n<p>El Estado ante la necesidad de brindar protecci\u00f3n a un sector especialmente vulnerable de la poblaci\u00f3n, y les entrega una subvenci\u00f3n econ\u00f3mica de 250 soles bimestrales por persona y con este beneficio contribuye a que ellos y ellas tengan la seguridad de que sus necesadades b\u00e1sicas ser\u00e1n atendidas, que sean revalorados por su familia y su comunidad, y contribuye tambi\u00e9n a dinamizar peque\u00f1os mercados y ferias locales.<\/p>\n<p><strong>REQUISITOS:<\/strong><\/p>\n<ol>\n<li>Tener 65 a\u00f1os a m\u00e1s.<\/li>\n<li>Contar con DNI.<\/li>\n<li>Encontrarse en condici\u00f3n de extrema pobreza, de acuerdo a la clasificaci\u00f3n socioecon\u00f3mica otorgada por el\u00a0Sistema de Focalizaci\u00f3n de Hogares (SISFOH).<\/li>\n<li>No recibir pensi\u00f3n proveniente del sector p\u00fablico o privado: ONP, AFP, ni de EsSalud.<\/li>\n<li>Presentar una Declaraci\u00f3n Jurada (DJ) debidamente llenada, con datos personales e incluyendo el n\u00famero de DNI (formulario 1000).<\/li>\n<\/ol>\n<h4>Programa AMACHAY<\/h4>\n<p>Es la red de consejer\u00eda, prevenci\u00f3n y seguimiento de la persona adulta mayor con alto riesgo y la persona con discapacidad severa ante los casos de coronavirus, abandono, violencia y alimentaci\u00f3n. AMACHAY est\u00e1 conformada por instituciones y organizaciones gubernamentales que articulan y suman esfuerzos para brindar el apoyo necesario durante el Estado de Emergencia por la COVID-19.<\/p>\n<p><strong>\u00bfQU\u00c9\u00a0INSTITUCIONES EST\u00c1N INVOLUCRADAS?<\/strong><\/p>\n<ul style=\"list-style-type: circle;\">\n<li>EL Ministerio de Desarrollo e Inclusi\u00f3n Social &#8211; MIDIS<\/li>\n<li>El Ministerio de la Mujer y Poblaciones Vulnerables \u2013 MIMP.<\/li>\n<li>El Ministerio de Salud \u2013 MINSA<\/li>\n<li>ESSALUD<\/li>\n<li>Gobiernos locales<\/li>\n<\/ul>\n<p><strong>\u00bfC\u00d3MO\u00a0TRABAJA LA RED?<\/strong><\/p>\n<ol>\n<li>A trav\u00e9s de llamadas telef\u00f3nicas los actores sociales se ponen en contacto con los adultos mayores y personas con discapacidad que integran el Padr\u00f3n de Beneficiarios del MIDIS.<\/li>\n<li>Se realizar\u00e1n visitas de seguimiento a los casos de alerta.<\/li>\n<li>Se derivar\u00e1 los casos a las instituciones pertinentes para su atenci\u00f3n (MINSA, ESSALUD y MIMP).<\/li>\n<\/ol>\n<p><img fetchpriority=\"high\" decoding=\"async\" src=\"https:\/\/munialtoselvaalegre.gob.pe\/mdasa\/wp-content\/uploads\/2019\/08\/65731654_385902098701503_3070165210137362432_n-570x350.jpg\" alt=\"\" width=\"570\" height=\"350\" \/> \u00a0<\/p>\n","protected":false},"excerpt":{"rendered":"<p>El Centro Integral del Adulto Mayor, es un servicio gratuito que brinda la Municipalidad de Alto Selva Alegre, buscando la participaci\u00f3n e integraci\u00f3n social, econ\u00f3mica y cultural de la persona adulta mayor, a trav\u00e9s de la prestaci\u00f3n de servicios en coordinaci\u00f3n con instituciones p\u00fablicas o privadas; programas y proyectos que se brindan en su jurisdicci\u00f3n [&hellip;]<\/p>\n","protected":false},"author":1,"featured_media":0,"parent":0,"menu_order":0,"comment_status":"closed","ping_status":"closed","template":"","meta":{"footnotes":""},"class_list":["post-3496","page","type-page","status-publish","czr-hentry"],"_links":{"self":[{"href":"https:\/\/munialtoselvaalegre.gob.pe\/mdasa\/wp-json\/wp\/v2\/pages\/3496"}],"collection":[{"href":"https:\/\/munialtoselvaalegre.gob.pe\/mdasa\/wp-json\/wp\/v2\/pages"}],"about":[{"href":"https:\/\/munialtoselvaalegre.gob.pe\/mdasa\/wp-json\/wp\/v2\/types\/page"}],"author":[{"embeddable":true,"href":"https:\/\/munialtoselvaalegre.gob.pe\/mdasa\/wp-json\/wp\/v2\/users\/1"}],"replies":[{"embeddable":true,"href":"https:\/\/munialtoselvaalegre.gob.pe\/mdasa\/wp-json\/wp\/v2\/comments?post=3496"}],"version-history":[{"count":29,"href":"https:\/\/munialtoselvaalegre.gob.pe\/mdasa\/wp-json\/wp\/v2\/pages\/3496\/revisions"}],"predecessor-version":[{"id":10641,"href":"https:\/\/munialtoselvaalegre.gob.pe\/mdasa\/wp-json\/wp\/v2\/pages\/3496\/revisions\/10641"}],"wp:attachment":[{"href":"https:\/\/munialtoselvaalegre.gob.pe\/mdasa\/wp-json\/wp\/v2\/media?parent=3496"}],"curies":[{"name":"wp","href":"https:\/\/api.w.org\/{rel}","templated":true}]}}