{"id":3505,"date":"2019-07-31T17:41:13","date_gmt":"2019-07-31T17:41:13","guid":{"rendered":"https:\/\/munialtoselvaalegre.gob.pe\/mdasa\/?page_id=3505"},"modified":"2022-11-14T14:06:21","modified_gmt":"2022-11-14T14:06:21","slug":"demuna","status":"publish","type":"page","link":"https:\/\/munialtoselvaalegre.gob.pe\/mdasa\/demuna\/","title":{"rendered":"DEMUNA"},"content":{"rendered":"\t\t<div data-elementor-type=\"wp-post\" data-elementor-id=\"3505\" class=\"elementor elementor-3505\" data-elementor-post-type=\"page\">\n\t\t\t\t\t\t<section class=\"has_eae_slider elementor-section elementor-top-section elementor-element elementor-element-2c091cf elementor-section-boxed elementor-section-height-default elementor-section-height-default\" data-eae-slider=\"3159\" data-id=\"2c091cf\" data-element_type=\"section\">\n\t\t\t\t\t\t<div class=\"elementor-container elementor-column-gap-default\">\n\t\t\t\t\t<div class=\"has_eae_slider elementor-column elementor-col-100 elementor-top-column elementor-element elementor-element-f9a83e3\" data-eae-slider=\"76564\" data-id=\"f9a83e3\" data-element_type=\"column\">\n\t\t\t<div class=\"elementor-widget-wrap elementor-element-populated\">\n\t\t\t\t\t\t<div class=\"elementor-element elementor-element-3a7defc elementor-widget elementor-widget-text-editor\" data-id=\"3a7defc\" data-element_type=\"widget\" data-widget_type=\"text-editor.default\">\n\t\t\t\t<div class=\"elementor-widget-container\">\n\t\t\t\t\t\t\t\t\t<p><span style=\"color: #008080;\"><strong>DEFENSOR\u00cdA MUNICIPAL DEL NI\u00d1O, NI\u00d1A Y ADOLESCENTE \u2013 DEMUNA<\/strong><\/span><\/p>\n<p>Es un servicio del Sistema de Atenci\u00f3n Integral al Ni\u00f1o y Adolescente que brinda atenci\u00f3n gratuita dirigida a defender, promover y vigilar el cumplimiento y respeto de los derechos de nuestros ni\u00f1os, ni\u00f1as y adolescentes reconocidos en la Convenci\u00f3n sobre los Derechos del Ni\u00f1o y en nuestro C\u00f3digo de los Ni\u00f1os y Adolescentes.<\/p>\n<div><span style=\"color: #008080;\"><strong>REQUISITOS:<\/strong><\/span><\/div>\n<ol>\n<li>Copia de DNI del solicitante.<\/li>\n<li>Copia de Partida de Nacimiento y DNI del hijo(a).<\/li>\n<li>Direccion exacta del invitado<\/li>\n<\/ol>\n<div><strong><span style=\"color: #008080;\">FUNCIONES:<\/span><\/strong><\/div>\n<div>\n<ul>\n<li>Conocer la situaci\u00f3n de los ni\u00f1os y adolescentes que se encuentran en instituciones p\u00fablicas y privadas.<\/li>\n<li>Intervenir cuando est\u00e9n en conflicto sus derechos a fin de hacer prevalecer su inter\u00e9s superior.<\/li>\n<li>Promover el fortalecimiento de los lazos familiares. Para ello podr\u00e1 efectuar conciliaciones entre c\u00f3nyuges, padres y familiares, fijando normas de comportamiento, alimentos, colocaci\u00f3n familiar provisional, siempre que no existan procesos judiciales abiertos sobre estas materias.<\/li>\n<li>Promover el reconocimiento voluntario de filiaciones.<\/li>\n<li>Orientar programas en beneficio de los ni\u00f1os y adolescentes que trabajan.<\/li>\n<li>Brindar orientaci\u00f3n a la familia para prevenir situaciones cr\u00edticas.<\/li>\n<li>Presentar denuncias ante las autoridades competentes por falta y delitos en agravio de los ni\u00f1os y adolescentes e intervenir en su defensa.<\/li>\n<li>Llevar a cabo audiencias de conciliaci\u00f3n destinadas a resolver conflictos originados por violencia familiar.<\/li>\n<li>Al entrar en vigencia Ley de Conciliaci\u00f3n cumple funci\u00f3n de instancia pre judicial y sus Actas tendr\u00e1n t\u00edtulo de ejecuci\u00f3n.<\/li>\n<\/ul>\n<\/div>\n<div><span style=\"color: #008080;\"><strong>SERVICIOS:<\/strong><\/span><\/div>\n<div>La <b>DEMUNA<\/b> realiza Conciliaciones con T\u00edtulo de Ejecuci\u00f3n en las siguientes materias:<\/div>\n<ul>\n<li>Tenencia<\/li>\n<li>Alimentos<\/li>\n<li>R\u00e9gimen de Visitas<\/li>\n<\/ul>\n<p>*La Conciliaci\u00f3n se llevar\u00e1 a cabo, siempre y cuando no existan procesos judiciales en tr\u00e1mite, ni en otras Demunas o Centros de Conciliaci\u00f3n privadas.<\/p>\n<div>Realizamos Actas de Compromiso cuando se trata de Materias tales como:<\/div>\n<ul>\n<li><span style=\"font-size: 12pt;\">Reconocimiento de Embarazo<\/span><\/li>\n<li><span style=\"font-size: 12pt;\">Normas de Comportamiento<\/span><\/li>\n<li><span style=\"font-size: 12pt;\">Situaci\u00f3n Educacional<\/span><\/li>\n<\/ul>\n<div>Realizamos derivaciones a las autoridades competentes en casos:<\/div>\n<ul>\n<li><span style=\"font-size: 12pt;\">Maltrato F\u00edsico\/ Psicol\u00f3gico<\/span><\/li>\n<li><span style=\"font-size: 12pt;\">Actos contra la liberta sexual.<\/span><\/li>\n<li><span style=\"font-size: 12pt;\">Abandono F\u00edsico y Material\/ Situaci\u00f3n de Riesgo<\/span><\/li>\n<\/ul>\n<div><span style=\"font-size: 12pt;\">Se brinda Consejer\u00eda Social y psicol\u00f3gicas<\/span><\/div>\n<p><span style=\"color: #008080;\"><b>\u00bfQUI\u00c9NES PUEDEN PEDIR LA INTERVENCI\u00d3N DE LA DEMUNA?<\/b><\/span><\/p>\n<ul style=\"font-size: 12pt;\">\n<li>Los propios ni\u00f1os, ni\u00f1as y adolescentes.<\/li>\n<li>La madre, el padre o cualquier otro familiar.<\/li>\n<li>Cualquier persona que conozca de una situaci\u00f3n que afecte los derechos del ni\u00f1o y adolescente.<\/li>\n<\/ul>\n<div style=\"font-size: 12pt;\">Ofrece atenci\u00f3n gratuita y confidencial.<\/div>\n<div>\u00a0<\/div>\t\t\t\t\t\t\t\t<\/div>\n\t\t\t\t<\/div>\n\t\t\t\t\t<\/div>\n\t\t<\/div>\n\t\t\t\t\t<\/div>\n\t\t<\/section>\n\t\t\t\t<\/div>\n\t\t","protected":false},"excerpt":{"rendered":"<p>DEFENSOR\u00cdA MUNICIPAL DEL NI\u00d1O, NI\u00d1A Y ADOLESCENTE \u2013 DEMUNA Es un servicio del Sistema de Atenci\u00f3n Integral al Ni\u00f1o y Adolescente que brinda atenci\u00f3n gratuita dirigida a defender, promover y vigilar el cumplimiento y respeto de los derechos de nuestros ni\u00f1os, ni\u00f1as y adolescentes reconocidos en la Convenci\u00f3n sobre los Derechos del Ni\u00f1o y en [&hellip;]<\/p>\n","protected":false},"author":1,"featured_media":0,"parent":0,"menu_order":0,"comment_status":"closed","ping_status":"closed","template":"","meta":{"footnotes":""},"class_list":["post-3505","page","type-page","status-publish","czr-hentry"],"_links":{"self":[{"href":"https:\/\/munialtoselvaalegre.gob.pe\/mdasa\/wp-json\/wp\/v2\/pages\/3505"}],"collection":[{"href":"https:\/\/munialtoselvaalegre.gob.pe\/mdasa\/wp-json\/wp\/v2\/pages"}],"about":[{"href":"https:\/\/munialtoselvaalegre.gob.pe\/mdasa\/wp-json\/wp\/v2\/types\/page"}],"author":[{"embeddable":true,"href":"https:\/\/munialtoselvaalegre.gob.pe\/mdasa\/wp-json\/wp\/v2\/users\/1"}],"replies":[{"embeddable":true,"href":"https:\/\/munialtoselvaalegre.gob.pe\/mdasa\/wp-json\/wp\/v2\/comments?post=3505"}],"version-history":[{"count":25,"href":"https:\/\/munialtoselvaalegre.gob.pe\/mdasa\/wp-json\/wp\/v2\/pages\/3505\/revisions"}],"predecessor-version":[{"id":10467,"href":"https:\/\/munialtoselvaalegre.gob.pe\/mdasa\/wp-json\/wp\/v2\/pages\/3505\/revisions\/10467"}],"wp:attachment":[{"href":"https:\/\/munialtoselvaalegre.gob.pe\/mdasa\/wp-json\/wp\/v2\/media?parent=3505"}],"curies":[{"name":"wp","href":"https:\/\/api.w.org\/{rel}","templated":true}]}}